{"id":31,"date":"2021-01-24T16:11:46","date_gmt":"2021-01-24T16:11:46","guid":{"rendered":"https:\/\/weberbaut.ch\/?page_id=31"},"modified":"2025-02-06T14:12:54","modified_gmt":"2025-02-06T14:12:54","slug":"weber-baut","status":"publish","type":"page","link":"https:\/\/weberbaut.ch\/","title":{"rendered":"Ihr ausgewiesener Fachmann in Sachen Holzbau"},"content":{"rendered":"\n\n\t\t\t\t<img decoding=\"async\" src=\"https:\/\/weberbaut.ch\/wp-content\/uploads\/2021\/01\/Weber-Baut-transparent-weiss.png\" alt=\"Weber Baut transparent weiss\" itemprop=\"image\" height=\"638\" width=\"1000\" title=\"Weber Baut transparent weiss\" onerror=\"this.style.display='none'\"  \/>\n\t<h1>Wir sind Ihr kompetenter Ansprechpartner f\u00fcr s\u00e4mtliche Holzarbeiten<\/h1>\n<p>Wir planen und realisieren \u00f6kologische Neubauten, Umbauten, Renovationen, Dachfenster, Lukarnen und Treppen aus Holz. Mit viel Erfahrung, kompetenter Beratung und sorgf\u00e4ltiger Planung, realisieren wir Ihr Bauvorhaben.<\/p>\n\t<h4>Neubauten<\/h4>\n<p>Jede Konstruktion ist individuell und wird von uns auf die Bed\u00fcrfnisse unserer Kunden ausgerichtet, geplant und mit viel Erfahrung umgesetzt.<\/p>\n\t<h4>Umbauten &amp; Renovationen<\/h4>\n<p>Umbau- und Sanierungsarbeiten im Innen- und Aussenbereich sind unsere Kernkompetenz. Wir sind dabei bem\u00fcht den Wert und das Aussehen Ihres Altbaus mit dem n\u00f6tigen Respekt zur Bausubstanz, wieder aufzufrischen.<\/p>\n\t<h4>Dachfenster und Lukarnen<\/h4>\n<p>Mit Dachfl\u00e4chenfenster bringen Sie nat\u00fcrliches Licht und frische Luft in Ihren den Wohnraum unter dem Dach und mit individuellen Lukarnen gewinnen Sie hellen, zus\u00e4tzlichen Wohnraum.<\/p>\n\t<h4>Treppen und Gel\u00e4nder<\/h4>\n<p>Wir beraten Sie gerne bei der Suche nach einer Optimall\u00f6sung f\u00fcr Ihre Treppe. Selbst komplexe Ausf\u00fchrungen erstellen wir in s\u00e4mtlichen Variationen und Ausf\u00fchrungen.<\/p>\n\t\t\t<a href=\"mailto:rene.weberbau@gmx.ch\" target=\"_self\">\n\t\t\t\t\t\tJetzt anfragen\n\t\t\t\t\t<\/a>\n\t<h2>Rene Weber und sein Team<\/h2>\n\t\t\t\t<img decoding=\"async\" src=\"https:\/\/weberbaut.ch\/wp-content\/uploads\/2021\/01\/Rene-Weber-2.jpg\" alt=\"Rene Weber 2\" itemprop=\"image\" height=\"395\" width=\"487\" title=\"Rene Weber 2\" onerror=\"this.style.display='none'\"  \/>\n\t<h4>Rene Weber<\/h4>\n<p>Seit 30 Jahren ist die Firma WEBER BAUT ein Begriff f\u00fcr professionelle und zuverl\u00e4ssige Arbeiten im Holz- und Innenausbau. Die Freude am Beruf, am Bauen und Konstruieren mit Holz, sowie unsere Perfektion zeichnen uns aus. Unsere langj\u00e4hrigen freien Mitarbeiter sind ein eingespieltes Team, das auch grosse Bauvorhaben zuverl\u00e4ssig umsetzt.<\/p>\n<p>Mit kompetenter Beratung, sorgf\u00e4ltiger Projektplanung und handwerklicher Qualit\u00e4t verwirklichen wir Ihr individuelles Bauvorhaben.<\/p>\nWir verwenden nach M\u00f6glichkeit \u00f6kologische<br \/>\nRohstoffe und\u00a0Schweizer Holz.\n\t\t\t\t<img decoding=\"async\" src=\"https:\/\/weberbaut.ch\/wp-content\/uploads\/2021\/01\/logo-schweizer-holz_poster_.png\" alt=\"logo schweizer holz_poster_\" itemprop=\"image\" height=\"104\" width=\"158\" title=\"logo schweizer holz_poster_\" onerror=\"this.style.display='none'\"  \/>\n\t<h1>Hier finden Sie einige unserer zahlreichen Referenzen<\/h1>\n\t<h1>Wir arbeiten mit folgenden Qualit\u00e4tsprodukten<\/h1>\n\t\t\t\t<img decoding=\"async\" src=\"https:\/\/weberbaut.ch\/wp-content\/uploads\/2021\/01\/velux.jpg\" alt=\"velux\" itemprop=\"image\" height=\"67\" width=\"200\" title=\"velux\" onerror=\"this.style.display='none'\"  \/>\n\t<h3>FENSTER<\/h3>\n<p>VELUX Schweiz AG ist der Marktf\u00fchrer f\u00fcr Dachfenster in der Schweiz. VELUX steht f\u00fcr Qualit\u00e4t, Zuverl\u00e4ssigkeit und Innovation.<\/p>\n\t\t\t\t<img decoding=\"async\" src=\"https:\/\/weberbaut.ch\/wp-content\/uploads\/2021\/01\/Logo_Balteschwiler_RGB.jpg\" alt=\"Logo_Balteschwiler_RGB\" itemprop=\"image\" height=\"514\" width=\"2266\" title=\"Logo_Balteschwiler_RGB\" onerror=\"this.style.display='none'\"  \/>\n\t<h3>HOLZ<\/h3>\n<p>Die Balteschwiler AG ist eines der f\u00fchrenden Hobelwerke der Schweiz und ausgewiesener Spezialist f\u00fcr die Oberfl\u00e4chenbehandlung von Holz im Bereich Innenausbau und Aussenfassaden.<\/p>\n\t\t\t\t<img decoding=\"async\" src=\"https:\/\/weberbaut.ch\/wp-content\/uploads\/2021\/01\/Sager-Logo-1.png\" alt=\"Sager Logo\" itemprop=\"image\" height=\"184\" width=\"640\" title=\"Sager Logo\" onerror=\"this.style.display='none'\"  \/>\n\t<h4>D\u00c4MMSTOFFE<\/h4>\n<p>\u00d6kologische Holzfaserplatten und die SAGLAN Glaswolle \u00a0aus nat\u00fcrlichem Quarzsand, Recyclingglas und Formaldehyd-freiem Bindemittel finden in unseren Bauten Verwendung.<\/p>\n\t\t\t<a href=\"mailto:rene.weberbau@gmx.ch\" target=\"_self\">\n\t\t\t\t\t\tJetzt anfragen\n\t\t\t\t\t<\/a>\n\t<h2>Kunden Feedback<\/h2>\n<p>\u00abRene Weber und sein Team sind \u00fcberaus erfahrene Fachleute, die unsere Holzbauprojekte zuverl\u00e4ssig und schnell umsetzen\u00bb<\/p>\n<p>&nbsp;<\/p>\n<p>Caspar Steiger \u00a0| \u00a0Architekt HTL<\/p>\n\t<h3>Wir freuen uns auf Ihr Projekt<\/h3>\n\tWeber Baut<br \/>\nRene Weber<br \/>\nMobil: 079 446 75 15\nWerkstatt:<br \/>\nChindism\u00fclistrasse 12<br \/>\nCH-8626 Ottikon\nB\u00fcro:<br \/>\nUnterneuhus 7<br \/>\nCH-8133 Esslingen (ZH)\n<p>&nbsp;<\/p>\n<p><strong>\u00a0<\/strong><\/p>\n\t\t\t<a href=\"mailto:rene.weberbau@gmx.ch\" target=\"_self\">\n\t\t\t\t\t\tE-Mail senden\n\t\t\t\t\t<\/a>\n\t<iframe src=\"https:\/\/www.google.com\/maps\/embed\/v1\/place?q=Kindism%C3%BClistrasse+12%0A8626+Ottikon&#038;key=AIzaSyD09zQ9PNDNNy9TadMuzRV_UsPUoWKntt8\" aria-hidden=\"true\"><\/iframe>\n\t\t\t\t<img decoding=\"async\" src=\"https:\/\/weberbaut.ch\/wp-content\/uploads\/2021\/01\/weber-baut-transparent-weiss412x263.png\" alt=\"weber baut transparent weiss412x263\" itemprop=\"image\" height=\"262\" width=\"411\" title=\"weber baut transparent weiss412x263\" onerror=\"this.style.display='none'\"  \/>\n\t<h6>\u00a9 WEBER BAUT 2025 | Alle Rechte vorbehalten | Powered by CORE AG Design Works.<\/h6>\n\n","protected":false},"excerpt":{"rendered":"<p>Wir sind Ihr kompetenter Ansprechpartner f\u00fcr s\u00e4mtliche Holzarbeiten Wir planen und realisieren \u00f6kologische Neubauten, Umbauten, Renovationen, Dachfenster, Lukarnen und Treppen aus Holz. Mit viel Erfahrung, kompetenter Beratung und sorgf\u00e4ltiger Planung, realisieren wir Ihr Bauvorhaben. Neubauten Jede Konstruktion ist individuell und wird von uns auf die Bed\u00fcrfnisse unserer Kunden ausgerichtet, geplant und mit viel Erfahrung umgesetzt.&hellip;<\/p>\n","protected":false},"author":1,"featured_media":0,"parent":0,"menu_order":0,"comment_status":"closed","ping_status":"closed","template":"","meta":{"footnotes":""},"class_list":["post-31","page","type-page","status-publish","hentry"],"yoast_head":"<!-- This site is optimized with the Yoast SEO plugin v24.3 - https:\/\/yoast.com\/wordpress\/plugins\/seo\/ -->\n<title>Ihr ausgewiesener Fachmann in Sachen Holzbau - Ihr Fachmann in Sachen Holzbau<\/title>\n<meta name=\"description\" content=\"Weber Baut Holzbau &amp; Zimmermann \u2013 Ihr professioneller Partner f\u00fcr Neubauten, Renovationen, Dachfenster, Lukarnen und Treppen aus Holz\" \/>\n<meta name=\"robots\" content=\"index, follow, max-snippet:-1, max-image-preview:large, max-video-preview:-1\" \/>\n<link rel=\"canonical\" href=\"https:\/\/weberbaut.ch\/\" \/>\n<meta property=\"og:locale\" content=\"de_DE\" \/>\n<meta property=\"og:type\" content=\"article\" \/>\n<meta property=\"og:title\" content=\"Ihr ausgewiesener Fachmann in Sachen Holzbau - Ihr Fachmann in Sachen Holzbau\" \/>\n<meta property=\"og:description\" content=\"Weber Baut Holzbau &amp; Zimmermann \u2013 Ihr professioneller Partner f\u00fcr Neubauten, Renovationen, Dachfenster, Lukarnen und Treppen aus Holz\" \/>\n<meta property=\"og:url\" content=\"https:\/\/weberbaut.ch\/\" \/>\n<meta property=\"og:site_name\" content=\"Ihr Fachmann in Sachen Holzbau\" \/>\n<meta property=\"article:modified_time\" content=\"2025-02-06T14:12:54+00:00\" \/>\n<meta property=\"og:image\" content=\"https:\/\/weberbaut.ch\/wp-content\/uploads\/2021\/01\/Weber-Baut-transparent-weiss.png\" \/>\n<meta name=\"twitter:card\" content=\"summary_large_image\" \/>\n<meta name=\"twitter:label1\" content=\"Gesch\u00e4tzte Lesezeit\" \/>\n\t<meta name=\"twitter:data1\" content=\"4\u00a0Minuten\" \/>\n<script type=\"application\/ld+json\" class=\"yoast-schema-graph\">{\"@context\":\"https:\/\/schema.org\",\"@graph\":[{\"@type\":\"WebPage\",\"@id\":\"https:\/\/weberbaut.ch\/\",\"url\":\"https:\/\/weberbaut.ch\/\",\"name\":\"Ihr ausgewiesener Fachmann in Sachen Holzbau - Ihr Fachmann in Sachen Holzbau\",\"isPartOf\":{\"@id\":\"https:\/\/weberbaut.ch\/#website\"},\"primaryImageOfPage\":{\"@id\":\"https:\/\/weberbaut.ch\/#primaryimage\"},\"image\":{\"@id\":\"https:\/\/weberbaut.ch\/#primaryimage\"},\"thumbnailUrl\":\"https:\/\/weberbaut.ch\/wp-content\/uploads\/2021\/01\/Weber-Baut-transparent-weiss.png\",\"datePublished\":\"2021-01-24T16:11:46+00:00\",\"dateModified\":\"2025-02-06T14:12:54+00:00\",\"description\":\"Weber Baut Holzbau & Zimmermann \u2013 Ihr professioneller Partner f\u00fcr Neubauten, Renovationen, Dachfenster, Lukarnen und Treppen aus Holz\",\"breadcrumb\":{\"@id\":\"https:\/\/weberbaut.ch\/#breadcrumb\"},\"inLanguage\":\"de\",\"potentialAction\":[{\"@type\":\"ReadAction\",\"target\":[\"https:\/\/weberbaut.ch\/\"]}]},{\"@type\":\"ImageObject\",\"inLanguage\":\"de\",\"@id\":\"https:\/\/weberbaut.ch\/#primaryimage\",\"url\":\"https:\/\/weberbaut.ch\/wp-content\/uploads\/2021\/01\/Weber-Baut-transparent-weiss.png\",\"contentUrl\":\"https:\/\/weberbaut.ch\/wp-content\/uploads\/2021\/01\/Weber-Baut-transparent-weiss.png\",\"width\":1000,\"height\":638},{\"@type\":\"BreadcrumbList\",\"@id\":\"https:\/\/weberbaut.ch\/#breadcrumb\",\"itemListElement\":[{\"@type\":\"ListItem\",\"position\":1,\"name\":\"Startseite\",\"item\":\"https:\/\/weberbaut.ch\/\"},{\"@type\":\"ListItem\",\"position\":2,\"name\":\"Ihr ausgewiesener Fachmann in Sachen Holzbau\"}]},{\"@type\":\"WebSite\",\"@id\":\"https:\/\/weberbaut.ch\/#website\",\"url\":\"https:\/\/weberbaut.ch\/\",\"name\":\"Ihr Fachmann in Sachen Holzbau\",\"description\":\"Wir planen und realisieren \u00f6kologische Neubauten, Umbauten, Renovationen, Dachfenster, Lukarnen und Treppen aus Holz.\",\"publisher\":{\"@id\":\"https:\/\/weberbaut.ch\/#organization\"},\"potentialAction\":[{\"@type\":\"SearchAction\",\"target\":{\"@type\":\"EntryPoint\",\"urlTemplate\":\"https:\/\/weberbaut.ch\/?s={search_term_string}\"},\"query-input\":{\"@type\":\"PropertyValueSpecification\",\"valueRequired\":true,\"valueName\":\"search_term_string\"}}],\"inLanguage\":\"de\"},{\"@type\":\"Organization\",\"@id\":\"https:\/\/weberbaut.ch\/#organization\",\"name\":\"Weber Baut Holzbau & Zimmerei\",\"url\":\"https:\/\/weberbaut.ch\/\",\"logo\":{\"@type\":\"ImageObject\",\"inLanguage\":\"de\",\"@id\":\"https:\/\/weberbaut.ch\/#\/schema\/logo\/image\/\",\"url\":\"https:\/\/weberbaut.ch\/wp-content\/uploads\/2021\/03\/weber-baut-icon.png\",\"contentUrl\":\"https:\/\/weberbaut.ch\/wp-content\/uploads\/2021\/03\/weber-baut-icon.png\",\"width\":512,\"height\":512,\"caption\":\"Weber Baut Holzbau & Zimmerei\"},\"image\":{\"@id\":\"https:\/\/weberbaut.ch\/#\/schema\/logo\/image\/\"}}]}<\/script>\n<!-- \/ Yoast SEO plugin. -->","yoast_head_json":{"title":"Ihr ausgewiesener Fachmann in Sachen Holzbau - Ihr Fachmann in Sachen Holzbau","description":"Weber Baut Holzbau & Zimmermann \u2013 Ihr professioneller Partner f\u00fcr Neubauten, Renovationen, Dachfenster, Lukarnen und Treppen aus Holz","robots":{"index":"index","follow":"follow","max-snippet":"max-snippet:-1","max-image-preview":"max-image-preview:large","max-video-preview":"max-video-preview:-1"},"canonical":"https:\/\/weberbaut.ch\/","og_locale":"de_DE","og_type":"article","og_title":"Ihr ausgewiesener Fachmann in Sachen Holzbau - Ihr Fachmann in Sachen Holzbau","og_description":"Weber Baut Holzbau & Zimmermann \u2013 Ihr professioneller Partner f\u00fcr Neubauten, Renovationen, Dachfenster, Lukarnen und Treppen aus Holz","og_url":"https:\/\/weberbaut.ch\/","og_site_name":"Ihr Fachmann in Sachen Holzbau","article_modified_time":"2025-02-06T14:12:54+00:00","og_image":[{"url":"https:\/\/weberbaut.ch\/wp-content\/uploads\/2021\/01\/Weber-Baut-transparent-weiss.png","type":"","width":"","height":""}],"twitter_card":"summary_large_image","twitter_misc":{"Gesch\u00e4tzte Lesezeit":"4\u00a0Minuten"},"schema":{"@context":"https:\/\/schema.org","@graph":[{"@type":"WebPage","@id":"https:\/\/weberbaut.ch\/","url":"https:\/\/weberbaut.ch\/","name":"Ihr ausgewiesener Fachmann in Sachen Holzbau - Ihr Fachmann in Sachen Holzbau","isPartOf":{"@id":"https:\/\/weberbaut.ch\/#website"},"primaryImageOfPage":{"@id":"https:\/\/weberbaut.ch\/#primaryimage"},"image":{"@id":"https:\/\/weberbaut.ch\/#primaryimage"},"thumbnailUrl":"https:\/\/weberbaut.ch\/wp-content\/uploads\/2021\/01\/Weber-Baut-transparent-weiss.png","datePublished":"2021-01-24T16:11:46+00:00","dateModified":"2025-02-06T14:12:54+00:00","description":"Weber Baut Holzbau & Zimmermann \u2013 Ihr professioneller Partner f\u00fcr Neubauten, Renovationen, Dachfenster, Lukarnen und Treppen aus Holz","breadcrumb":{"@id":"https:\/\/weberbaut.ch\/#breadcrumb"},"inLanguage":"de","potentialAction":[{"@type":"ReadAction","target":["https:\/\/weberbaut.ch\/"]}]},{"@type":"ImageObject","inLanguage":"de","@id":"https:\/\/weberbaut.ch\/#primaryimage","url":"https:\/\/weberbaut.ch\/wp-content\/uploads\/2021\/01\/Weber-Baut-transparent-weiss.png","contentUrl":"https:\/\/weberbaut.ch\/wp-content\/uploads\/2021\/01\/Weber-Baut-transparent-weiss.png","width":1000,"height":638},{"@type":"BreadcrumbList","@id":"https:\/\/weberbaut.ch\/#breadcrumb","itemListElement":[{"@type":"ListItem","position":1,"name":"Startseite","item":"https:\/\/weberbaut.ch\/"},{"@type":"ListItem","position":2,"name":"Ihr ausgewiesener Fachmann in Sachen Holzbau"}]},{"@type":"WebSite","@id":"https:\/\/weberbaut.ch\/#website","url":"https:\/\/weberbaut.ch\/","name":"Ihr Fachmann in Sachen Holzbau","description":"Wir planen und realisieren \u00f6kologische Neubauten, Umbauten, Renovationen, Dachfenster, Lukarnen und Treppen aus Holz.","publisher":{"@id":"https:\/\/weberbaut.ch\/#organization"},"potentialAction":[{"@type":"SearchAction","target":{"@type":"EntryPoint","urlTemplate":"https:\/\/weberbaut.ch\/?s={search_term_string}"},"query-input":{"@type":"PropertyValueSpecification","valueRequired":true,"valueName":"search_term_string"}}],"inLanguage":"de"},{"@type":"Organization","@id":"https:\/\/weberbaut.ch\/#organization","name":"Weber Baut Holzbau & Zimmerei","url":"https:\/\/weberbaut.ch\/","logo":{"@type":"ImageObject","inLanguage":"de","@id":"https:\/\/weberbaut.ch\/#\/schema\/logo\/image\/","url":"https:\/\/weberbaut.ch\/wp-content\/uploads\/2021\/03\/weber-baut-icon.png","contentUrl":"https:\/\/weberbaut.ch\/wp-content\/uploads\/2021\/03\/weber-baut-icon.png","width":512,"height":512,"caption":"Weber Baut Holzbau & Zimmerei"},"image":{"@id":"https:\/\/weberbaut.ch\/#\/schema\/logo\/image\/"}}]}},"_links":{"self":[{"href":"https:\/\/weberbaut.ch\/index.php?rest_route=\/wp\/v2\/pages\/31","targetHints":{"allow":["GET"]}}],"collection":[{"href":"https:\/\/weberbaut.ch\/index.php?rest_route=\/wp\/v2\/pages"}],"about":[{"href":"https:\/\/weberbaut.ch\/index.php?rest_route=\/wp\/v2\/types\/page"}],"author":[{"embeddable":true,"href":"https:\/\/weberbaut.ch\/index.php?rest_route=\/wp\/v2\/users\/1"}],"replies":[{"embeddable":true,"href":"https:\/\/weberbaut.ch\/index.php?rest_route=%2Fwp%2Fv2%2Fcomments&post=31"}],"version-history":[{"count":22,"href":"https:\/\/weberbaut.ch\/index.php?rest_route=\/wp\/v2\/pages\/31\/revisions"}],"predecessor-version":[{"id":1402,"href":"https:\/\/weberbaut.ch\/index.php?rest_route=\/wp\/v2\/pages\/31\/revisions\/1402"}],"wp:attachment":[{"href":"https:\/\/weberbaut.ch\/index.php?rest_route=%2Fwp%2Fv2%2Fmedia&parent=31"}],"curies":[{"name":"wp","href":"https:\/\/api.w.org\/{rel}","templated":true}]}}